{"id":1668,"date":"2022-11-30T17:03:46","date_gmt":"2022-11-30T23:03:46","guid":{"rendered":"https:\/\/purpuratatuajes.com\/?page_id=1668"},"modified":"2024-10-22T11:36:29","modified_gmt":"2024-10-22T16:36:29","slug":"buitron","status":"publish","type":"page","link":"https:\/\/purpuratatuajes.com\/en\/artists\/buitron\/","title":{"rendered":"Buitr\u00f3n"},"content":{"rendered":"<div class=\"wpb-content-wrapper\"><p>[vc_row][vc_column][vc_raw_html]W3Jldl9zbGlkZXIgYWxpYXM9ImJ1aXRyb24iXVsvcmV2X3NsaWRlcl0=[\/vc_raw_html]<div class=\"cz_gap clr  hide_on_mobile\" style=\"height: 50px\"><\/div><div class=\"cz_gap show_on_mobile clr\" style=\"height: 0px\"><\/div>[\/vc_column][\/vc_row][vc_row][vc_column]<div class=\"cz_gap clr  hide_on_mobile\" style=\"height: 50px\"><\/div><div class=\"cz_gap show_on_mobile clr\" style=\"height: 0px\"><\/div>[\/vc_column][\/vc_row][vc_row][vc_column width=&#8221;5\/12&#8243;]<div id=\"cz_32442\" class=\"cz_32442 cz_title clr cz_title_pos_inline\"><div class=\"cz_title_content\"><div class=\"cz_wpe_content\"><h3>Buitron<\/h3>\n<\/div><\/div><\/div><div class=\"cz_gap clr \" style=\"height: 5px\"><\/div><div id=\"cz_58456\" class=\"cz_58456 cz_title clr cz_title_pos_inline\"><div class=\"cz_title_content\"><div class=\"cz_wpe_content\"><h1>tattoo artist in Puerto Vallarta<\/h1>\n<\/div><\/div><\/div><div id=\"cz_60708\" class=\"cz_60708 cz_title clr cz_title_has_icon cz_title_pos_inline\"><div class=\"cz_title_content\"><i class=\"cz_title_icon_before fab fa-instagram\"><\/i><div class=\"cz_wpe_content\"><h4><a href=\"https:\/\/www.instagram.com\/buitron\/\">@buitron<\/a><\/h4>\n<\/div><\/div><\/div><div class=\"cz_gap clr \" style=\"height: 40px\"><\/div><div id=\"cz_86807\" class=\"cz_86807 cz_title clr cz_title_pos_inline\"><div class=\"cz_title_content\"><div class=\"cz_wpe_content\"><h4><strong>Style:<\/strong> Blackwork<\/h4>\n<\/div><\/div><\/div><div class=\"cz_gap clr \" style=\"height: 10px\"><\/div><div id=\"cz_111106\" class=\"cz_111106 cz_title clr cz_title_pos_inline\"><div class=\"cz_title_content\"><div class=\"cz_wpe_content\"><p data-pm-slice=\"1 1 []\">Graphic artist, engraver and tattoo artist graduated from the Escuela Nacional de Artes Pl\u00e1sticas, UNAM. He has exhibited his work in 6 solo exhibitions and more than 18 group exhibitions in museums in Mexico and abroad.<\/p>\n<p>Tattoo artist for more than 8 years. Black tattoo. Ashurados. Style extracted from engraving and Chinese ink. In 2018 he founded La Uni\u00f3n Gr\u00e1fica, an independent art, tattoo and design studio in partnership with illustrator Benjam\u00edn Estrada Vargas, where he currently works.<\/p>\n<\/div><\/div><\/div><div class=\"cz_gap clr \" style=\"height: 30px\"><\/div><div class=\"\"><div class=\"cz_57240_p\"><a id=\"cz_57240\" class=\"cz_57240 cz_btn cz_btn_txt_no_fx cz_btn_no_fx cz_mobile_btn_center hide_on_mobile\" href=\"https:\/\/purpuratatuajes.com\/contacto\/\" title=\"Tattoos\" aria-label=\"Tattoos\"><span><strong>Contact Us<\/strong><\/span><b class=\"cz_btn_onhover\"><strong>Contact Us<\/strong><\/b><\/a><\/div><\/div>[\/vc_column][vc_column width=&#8221;7\/12&#8243;]<div class=\"cz_gap clr  hide_on_mobile\" style=\"height: 0px\"><\/div><div class=\"cz_gap show_on_mobile clr\" style=\"height: 30px\"><\/div><div id=\"cz_107867\" class=\"cz_grid_p cz_107867\"><div class=\"cz_grid cz_grid_1 clr cz_grid_c3 cz_grid_1_no_title cz_grid_1_mid tac cz_grid_two_columns_on_mobile cz_tooltip cz_grid_1_no_title\" data-gap=\"10\"><div class=\"cz_grid_item cz_grid_first\"><\/div><div class=\"cz_grid_item \"><div data-title=\"buitron-estudio de tatuajes en puerto vallarta-purpura tatuajes13\"><a class=\"cz_grid_link \" href=\"https:\/\/purpuratatuajes.com\/wp-content\/uploads\/2022\/11\/buitron-estudio-de-tatuajes-en-puerto-vallarta-purpura-tatuajes13.jpg\" data-xtra-lightbox><img loading=\"lazy\" decoding=\"async\" width=\"600\" height=\"600\" src=\"https:\/\/purpuratatuajes.com\/wp-content\/uploads\/2022\/11\/buitron-estudio-de-tatuajes-en-puerto-vallarta-purpura-tatuajes13-600x600.jpg\" class=\"attachment-codevz_600_600\" alt=\"\" title=\"buitron-estudio de tatuajes en puerto vallarta-purpura tatuajes13\" srcset=\"https:\/\/purpuratatuajes.com\/wp-content\/uploads\/2022\/11\/buitron-estudio-de-tatuajes-en-puerto-vallarta-purpura-tatuajes13-600x600.jpg 600w, https:\/\/purpuratatuajes.com\/wp-content\/uploads\/2022\/11\/buitron-estudio-de-tatuajes-en-puerto-vallarta-purpura-tatuajes13-100x100.jpg 100w, https:\/\/purpuratatuajes.com\/wp-content\/uploads\/2022\/11\/buitron-estudio-de-tatuajes-en-puerto-vallarta-purpura-tatuajes13-150x150.jpg 150w\" sizes=\"auto, (max-width: 600px) 100vw, 600px\" \/><div class=\"cz_grid_details\"><i class=\"fa czico-009-little-thin-expand-arrows cz_grid_icon\"><\/i><\/div><\/a><\/div><\/div><div class=\"cz_grid_item \"><div data-title=\"buitron-estudio de tatuajes en puerto vallarta-purpura tatuajes14\"><a class=\"cz_grid_link \" href=\"https:\/\/purpuratatuajes.com\/wp-content\/uploads\/2022\/11\/buitron-estudio-de-tatuajes-en-puerto-vallarta-purpura-tatuajes14.jpg\" data-xtra-lightbox><img loading=\"lazy\" decoding=\"async\" width=\"600\" height=\"600\" src=\"https:\/\/purpuratatuajes.com\/wp-content\/uploads\/2022\/11\/buitron-estudio-de-tatuajes-en-puerto-vallarta-purpura-tatuajes14-600x600.jpg\" class=\"attachment-codevz_600_600\" alt=\"\" title=\"buitron-estudio de tatuajes en puerto vallarta-purpura tatuajes14\" srcset=\"https:\/\/purpuratatuajes.com\/wp-content\/uploads\/2022\/11\/buitron-estudio-de-tatuajes-en-puerto-vallarta-purpura-tatuajes14-600x600.jpg 600w, https:\/\/purpuratatuajes.com\/wp-content\/uploads\/2022\/11\/buitron-estudio-de-tatuajes-en-puerto-vallarta-purpura-tatuajes14-100x100.jpg 100w, https:\/\/purpuratatuajes.com\/wp-content\/uploads\/2022\/11\/buitron-estudio-de-tatuajes-en-puerto-vallarta-purpura-tatuajes14-150x150.jpg 150w\" sizes=\"auto, (max-width: 600px) 100vw, 600px\" \/><div class=\"cz_grid_details\"><i class=\"fa czico-009-little-thin-expand-arrows cz_grid_icon\"><\/i><\/div><\/a><\/div><\/div><div class=\"cz_grid_item \"><div data-title=\"buitron-estudio de tatuajes en puerto vallarta-purpura tatuajes15\"><a class=\"cz_grid_link \" href=\"https:\/\/purpuratatuajes.com\/wp-content\/uploads\/2022\/11\/buitron-estudio-de-tatuajes-en-puerto-vallarta-purpura-tatuajes15.jpg\" data-xtra-lightbox><img loading=\"lazy\" decoding=\"async\" width=\"600\" height=\"600\" src=\"https:\/\/purpuratatuajes.com\/wp-content\/uploads\/2022\/11\/buitron-estudio-de-tatuajes-en-puerto-vallarta-purpura-tatuajes15-600x600.jpg\" class=\"attachment-codevz_600_600\" alt=\"\" title=\"buitron-estudio de tatuajes en puerto vallarta-purpura tatuajes15\" srcset=\"https:\/\/purpuratatuajes.com\/wp-content\/uploads\/2022\/11\/buitron-estudio-de-tatuajes-en-puerto-vallarta-purpura-tatuajes15-600x600.jpg 600w, https:\/\/purpuratatuajes.com\/wp-content\/uploads\/2022\/11\/buitron-estudio-de-tatuajes-en-puerto-vallarta-purpura-tatuajes15-100x100.jpg 100w, https:\/\/purpuratatuajes.com\/wp-content\/uploads\/2022\/11\/buitron-estudio-de-tatuajes-en-puerto-vallarta-purpura-tatuajes15-150x150.jpg 150w\" sizes=\"auto, (max-width: 600px) 100vw, 600px\" \/><div class=\"cz_grid_details\"><i class=\"fa czico-009-little-thin-expand-arrows cz_grid_icon\"><\/i><\/div><\/a><\/div><\/div><div class=\"cz_grid_item \"><div data-title=\"buitron-estudio de tatuajes en puerto vallarta-purpura tatuajes16\"><a class=\"cz_grid_link \" href=\"https:\/\/purpuratatuajes.com\/wp-content\/uploads\/2022\/11\/buitron-estudio-de-tatuajes-en-puerto-vallarta-purpura-tatuajes16.jpg\" data-xtra-lightbox><img loading=\"lazy\" decoding=\"async\" width=\"600\" height=\"600\" src=\"https:\/\/purpuratatuajes.com\/wp-content\/uploads\/2022\/11\/buitron-estudio-de-tatuajes-en-puerto-vallarta-purpura-tatuajes16-600x600.jpg\" class=\"attachment-codevz_600_600\" alt=\"\" title=\"buitron-estudio de tatuajes en puerto vallarta-purpura tatuajes16\" srcset=\"https:\/\/purpuratatuajes.com\/wp-content\/uploads\/2022\/11\/buitron-estudio-de-tatuajes-en-puerto-vallarta-purpura-tatuajes16-600x600.jpg 600w, https:\/\/purpuratatuajes.com\/wp-content\/uploads\/2022\/11\/buitron-estudio-de-tatuajes-en-puerto-vallarta-purpura-tatuajes16-100x100.jpg 100w, https:\/\/purpuratatuajes.com\/wp-content\/uploads\/2022\/11\/buitron-estudio-de-tatuajes-en-puerto-vallarta-purpura-tatuajes16-150x150.jpg 150w\" sizes=\"auto, (max-width: 600px) 100vw, 600px\" \/><div class=\"cz_grid_details\"><i class=\"fa czico-009-little-thin-expand-arrows cz_grid_icon\"><\/i><\/div><\/a><\/div><\/div><div class=\"cz_grid_item \"><div data-title=\"buitron-estudio de tatuajes en puerto vallarta-purpura tatuajes17\"><a class=\"cz_grid_link \" href=\"https:\/\/purpuratatuajes.com\/wp-content\/uploads\/2022\/11\/buitron-estudio-de-tatuajes-en-puerto-vallarta-purpura-tatuajes17.jpg\" data-xtra-lightbox><img loading=\"lazy\" decoding=\"async\" width=\"600\" height=\"600\" src=\"https:\/\/purpuratatuajes.com\/wp-content\/uploads\/2022\/11\/buitron-estudio-de-tatuajes-en-puerto-vallarta-purpura-tatuajes17-600x600.jpg\" class=\"attachment-codevz_600_600\" alt=\"\" title=\"buitron-estudio de tatuajes en puerto vallarta-purpura tatuajes17\" srcset=\"https:\/\/purpuratatuajes.com\/wp-content\/uploads\/2022\/11\/buitron-estudio-de-tatuajes-en-puerto-vallarta-purpura-tatuajes17-600x600.jpg 600w, https:\/\/purpuratatuajes.com\/wp-content\/uploads\/2022\/11\/buitron-estudio-de-tatuajes-en-puerto-vallarta-purpura-tatuajes17-100x100.jpg 100w, https:\/\/purpuratatuajes.com\/wp-content\/uploads\/2022\/11\/buitron-estudio-de-tatuajes-en-puerto-vallarta-purpura-tatuajes17-150x150.jpg 150w\" sizes=\"auto, (max-width: 600px) 100vw, 600px\" \/><div class=\"cz_grid_details\"><i class=\"fa czico-009-little-thin-expand-arrows cz_grid_icon\"><\/i><\/div><\/a><\/div><\/div><div class=\"cz_grid_item \"><div data-title=\"buitron-estudio de tatuajes en puerto vallarta-purpura tatuajes18\"><a class=\"cz_grid_link \" href=\"https:\/\/purpuratatuajes.com\/wp-content\/uploads\/2022\/11\/buitron-estudio-de-tatuajes-en-puerto-vallarta-purpura-tatuajes18.jpg\" data-xtra-lightbox><img loading=\"lazy\" decoding=\"async\" width=\"600\" height=\"600\" src=\"https:\/\/purpuratatuajes.com\/wp-content\/uploads\/2022\/11\/buitron-estudio-de-tatuajes-en-puerto-vallarta-purpura-tatuajes18-600x600.jpg\" class=\"attachment-codevz_600_600\" alt=\"\" title=\"buitron-estudio de tatuajes en puerto vallarta-purpura tatuajes18\" srcset=\"https:\/\/purpuratatuajes.com\/wp-content\/uploads\/2022\/11\/buitron-estudio-de-tatuajes-en-puerto-vallarta-purpura-tatuajes18-600x600.jpg 600w, https:\/\/purpuratatuajes.com\/wp-content\/uploads\/2022\/11\/buitron-estudio-de-tatuajes-en-puerto-vallarta-purpura-tatuajes18-100x100.jpg 100w, https:\/\/purpuratatuajes.com\/wp-content\/uploads\/2022\/11\/buitron-estudio-de-tatuajes-en-puerto-vallarta-purpura-tatuajes18-150x150.jpg 150w\" sizes=\"auto, (max-width: 600px) 100vw, 600px\" \/><div class=\"cz_grid_details\"><i class=\"fa czico-009-little-thin-expand-arrows cz_grid_icon\"><\/i><\/div><\/a><\/div><\/div><div class=\"cz_grid_item \"><div data-title=\"buitron-estudio de tatuajes en puerto vallarta-purpura tatuajes19\"><a class=\"cz_grid_link \" href=\"https:\/\/purpuratatuajes.com\/wp-content\/uploads\/2022\/11\/buitron-estudio-de-tatuajes-en-puerto-vallarta-purpura-tatuajes19.jpg\" data-xtra-lightbox><img loading=\"lazy\" decoding=\"async\" width=\"600\" height=\"600\" src=\"https:\/\/purpuratatuajes.com\/wp-content\/uploads\/2022\/11\/buitron-estudio-de-tatuajes-en-puerto-vallarta-purpura-tatuajes19-600x600.jpg\" class=\"attachment-codevz_600_600\" alt=\"\" title=\"buitron-estudio de tatuajes en puerto vallarta-purpura tatuajes19\" srcset=\"https:\/\/purpuratatuajes.com\/wp-content\/uploads\/2022\/11\/buitron-estudio-de-tatuajes-en-puerto-vallarta-purpura-tatuajes19-600x600.jpg 600w, https:\/\/purpuratatuajes.com\/wp-content\/uploads\/2022\/11\/buitron-estudio-de-tatuajes-en-puerto-vallarta-purpura-tatuajes19-100x100.jpg 100w, https:\/\/purpuratatuajes.com\/wp-content\/uploads\/2022\/11\/buitron-estudio-de-tatuajes-en-puerto-vallarta-purpura-tatuajes19-150x150.jpg 150w\" sizes=\"auto, (max-width: 600px) 100vw, 600px\" \/><div class=\"cz_grid_details\"><i class=\"fa czico-009-little-thin-expand-arrows cz_grid_icon\"><\/i><\/div><\/a><\/div><\/div><div class=\"cz_grid_item \"><div data-title=\"buitron-estudio de tatuajes en puerto vallarta-purpura tatuajes20\"><a class=\"cz_grid_link \" href=\"https:\/\/purpuratatuajes.com\/wp-content\/uploads\/2022\/11\/buitron-estudio-de-tatuajes-en-puerto-vallarta-purpura-tatuajes20.jpg\" data-xtra-lightbox><img loading=\"lazy\" decoding=\"async\" width=\"600\" height=\"600\" src=\"https:\/\/purpuratatuajes.com\/wp-content\/uploads\/2022\/11\/buitron-estudio-de-tatuajes-en-puerto-vallarta-purpura-tatuajes20-600x600.jpg\" class=\"attachment-codevz_600_600\" alt=\"\" title=\"buitron-estudio de tatuajes en puerto vallarta-purpura tatuajes20\" srcset=\"https:\/\/purpuratatuajes.com\/wp-content\/uploads\/2022\/11\/buitron-estudio-de-tatuajes-en-puerto-vallarta-purpura-tatuajes20-600x600.jpg 600w, https:\/\/purpuratatuajes.com\/wp-content\/uploads\/2022\/11\/buitron-estudio-de-tatuajes-en-puerto-vallarta-purpura-tatuajes20-100x100.jpg 100w, https:\/\/purpuratatuajes.com\/wp-content\/uploads\/2022\/11\/buitron-estudio-de-tatuajes-en-puerto-vallarta-purpura-tatuajes20-150x150.jpg 150w\" sizes=\"auto, (max-width: 600px) 100vw, 600px\" \/><div class=\"cz_grid_details\"><i class=\"fa czico-009-little-thin-expand-arrows cz_grid_icon\"><\/i><\/div><\/a><\/div><\/div><div class=\"cz_grid_item \"><div data-title=\"buitron-estudio de tatuajes en puerto vallarta-purpura tatuajes21\"><a class=\"cz_grid_link \" href=\"https:\/\/purpuratatuajes.com\/wp-content\/uploads\/2022\/11\/buitron-estudio-de-tatuajes-en-puerto-vallarta-purpura-tatuajes21.jpg\" data-xtra-lightbox><img loading=\"lazy\" decoding=\"async\" width=\"600\" height=\"600\" src=\"https:\/\/purpuratatuajes.com\/wp-content\/uploads\/2022\/11\/buitron-estudio-de-tatuajes-en-puerto-vallarta-purpura-tatuajes21-600x600.jpg\" class=\"attachment-codevz_600_600\" alt=\"\" title=\"buitron-estudio de tatuajes en puerto vallarta-purpura tatuajes21\" srcset=\"https:\/\/purpuratatuajes.com\/wp-content\/uploads\/2022\/11\/buitron-estudio-de-tatuajes-en-puerto-vallarta-purpura-tatuajes21-600x600.jpg 600w, https:\/\/purpuratatuajes.com\/wp-content\/uploads\/2022\/11\/buitron-estudio-de-tatuajes-en-puerto-vallarta-purpura-tatuajes21-100x100.jpg 100w, https:\/\/purpuratatuajes.com\/wp-content\/uploads\/2022\/11\/buitron-estudio-de-tatuajes-en-puerto-vallarta-purpura-tatuajes21-150x150.jpg 150w\" sizes=\"auto, (max-width: 600px) 100vw, 600px\" \/><div class=\"cz_grid_details\"><i class=\"fa czico-009-little-thin-expand-arrows cz_grid_icon\"><\/i><\/div><\/a><\/div><\/div><\/div><\/div><div class=\"cz_gap show_on_mobile clr\" style=\"height: 50px\"><\/div><div class=\"\"><div class=\"cz_38096_p\"><a id=\"cz_38096\" class=\"cz_38096 cz_btn cz_btn_txt_no_fx cz_btn_no_fx cz_mobile_btn_center hide_on_desktop hide_on_tablet show_on_mobile\" href=\"https:\/\/purpuratatuajes.com\/contacto\/\" title=\"Tattoos\" aria-label=\"Tattoos\"><span><strong>Contact Us<\/strong><\/span><b class=\"cz_btn_onhover\"><strong>Contact Us<\/strong><\/b><\/a><\/div><\/div>[\/vc_column][\/vc_row][vc_row][vc_column]<div class=\"cz_gap clr  hide_on_mobile\" style=\"height: 200px\"><\/div><div class=\"cz_gap show_on_mobile clr\" style=\"height: 50px\"><\/div>[\/vc_column][\/vc_row][vc_row][vc_column width=&#8221;7\/12&#8243;][\/vc_column][\/vc_row]<\/p>\n<\/div>","protected":false},"excerpt":{"rendered":"<p>[vc_row][vc_column][vc_raw_html]W3Jldl9zbGlkZXIgYWxpYXM9ImJ1aXRyb24iXVsvcmV2X3NsaWRlcl0=[\/vc_raw_html][\/vc_column][\/vc_row][vc_row][vc_column][\/vc_column][\/vc_row][vc_row][vc_column width=&#8221;5\/12&#8243;][\/vc_column][vc_column width=&#8221;7\/12&#8243;][\/vc_column][\/vc_row][vc_row][vc_column][\/vc_column][\/vc_row][vc_row][vc_column width=&#8221;7\/12&#8243;][\/vc_column][\/vc_row] &#8230; <\/p>\n","protected":false},"author":3,"featured_media":1214,"parent":1573,"menu_order":0,"comment_status":"closed","ping_status":"closed","template":"","meta":{"_joinchat":[],"footnotes":""},"class_list":["post-1668","page","type-page","status-publish","has-post-thumbnail","hentry"],"yoast_head":"<!-- This site is optimized with the Yoast SEO plugin v25.8 - https:\/\/yoast.com\/wordpress\/plugins\/seo\/ -->\n<title>Buitr\u00f3n - Tattoo Shop in Puerto Vallarta downtown<\/title>\n<meta name=\"description\" content=\"Tattoo studio in downtown Puerto Vallarta. Professional tattoo artists with different styles and approaches. If you are considering where to get a tattoo come to Purpura Tattoos\" \/>\n<meta name=\"robots\" content=\"index, follow, max-snippet:-1, max-image-preview:large, max-video-preview:-1\" \/>\n<link rel=\"canonical\" href=\"https:\/\/purpuratatuajes.com\/en\/artists\/buitron\/\" \/>\n<meta property=\"og:locale\" content=\"en_US\" \/>\n<meta property=\"og:type\" content=\"article\" \/>\n<meta property=\"og:title\" content=\"Buitr\u00f3n - Tattoo Shop in Puerto Vallarta downtown\" \/>\n<meta property=\"og:description\" content=\"Tattoo studio in downtown Puerto Vallarta. Professional tattoo artists with different styles and approaches. If you are considering where to get a tattoo come to Purpura Tattoos\" \/>\n<meta property=\"og:url\" content=\"https:\/\/purpuratatuajes.com\/en\/artists\/buitron\/\" \/>\n<meta property=\"og:site_name\" content=\"Purpura Tatuajes\" \/>\n<meta property=\"article:modified_time\" content=\"2024-10-22T16:36:29+00:00\" \/>\n<meta property=\"og:image\" content=\"https:\/\/purpuratatuajes.com\/wp-content\/uploads\/2022\/11\/buitron.webp\" \/>\n\t<meta property=\"og:image:width\" content=\"1400\" \/>\n\t<meta property=\"og:image:height\" content=\"1400\" \/>\n\t<meta property=\"og:image:type\" content=\"image\/webp\" \/>\n<meta name=\"twitter:card\" content=\"summary_large_image\" \/>\n<meta name=\"twitter:label1\" content=\"Est. reading time\" \/>\n\t<meta name=\"twitter:data1\" content=\"1 minute\" \/>\n<script type=\"application\/ld+json\" class=\"yoast-schema-graph\">{\"@context\":\"https:\/\/schema.org\",\"@graph\":[{\"@type\":\"WebPage\",\"@id\":\"https:\/\/purpuratatuajes.com\/en\/artists\/buitron\/\",\"url\":\"https:\/\/purpuratatuajes.com\/en\/artists\/buitron\/\",\"name\":\"Buitr\u00f3n - Tattoo Shop in Puerto Vallarta downtown\",\"isPartOf\":{\"@id\":\"https:\/\/purpuratatuajes.com\/#website\"},\"primaryImageOfPage\":{\"@id\":\"https:\/\/purpuratatuajes.com\/en\/artists\/buitron\/#primaryimage\"},\"image\":{\"@id\":\"https:\/\/purpuratatuajes.com\/en\/artists\/buitron\/#primaryimage\"},\"thumbnailUrl\":\"https:\/\/purpuratatuajes.com\/wp-content\/uploads\/2022\/11\/buitron.webp\",\"datePublished\":\"2022-11-30T23:03:46+00:00\",\"dateModified\":\"2024-10-22T16:36:29+00:00\",\"description\":\"Tattoo studio in downtown Puerto Vallarta. Professional tattoo artists with different styles and approaches. If you are considering where to get a tattoo come to Purpura Tattoos\",\"breadcrumb\":{\"@id\":\"https:\/\/purpuratatuajes.com\/en\/artists\/buitron\/#breadcrumb\"},\"inLanguage\":\"en-US\",\"potentialAction\":[{\"@type\":\"ReadAction\",\"target\":[\"https:\/\/purpuratatuajes.com\/en\/artists\/buitron\/\"]}]},{\"@type\":\"ImageObject\",\"inLanguage\":\"en-US\",\"@id\":\"https:\/\/purpuratatuajes.com\/en\/artists\/buitron\/#primaryimage\",\"url\":\"https:\/\/purpuratatuajes.com\/wp-content\/uploads\/2022\/11\/buitron.webp\",\"contentUrl\":\"https:\/\/purpuratatuajes.com\/wp-content\/uploads\/2022\/11\/buitron.webp\",\"width\":1400,\"height\":1400},{\"@type\":\"BreadcrumbList\",\"@id\":\"https:\/\/purpuratatuajes.com\/en\/artists\/buitron\/#breadcrumb\",\"itemListElement\":[{\"@type\":\"ListItem\",\"position\":1,\"name\":\"Portada\",\"item\":\"https:\/\/purpuratatuajes.com\/en\/\"},{\"@type\":\"ListItem\",\"position\":2,\"name\":\"Artists\",\"item\":\"https:\/\/purpuratatuajes.com\/en\/artists\/\"},{\"@type\":\"ListItem\",\"position\":3,\"name\":\"Buitr\u00f3n\"}]},{\"@type\":\"WebSite\",\"@id\":\"https:\/\/purpuratatuajes.com\/#website\",\"url\":\"https:\/\/purpuratatuajes.com\/\",\"name\":\"Purpura Tatuajes\",\"description\":\"Tattoo Shop in Puerto Vallarta\",\"publisher\":{\"@id\":\"https:\/\/purpuratatuajes.com\/#organization\"},\"potentialAction\":[{\"@type\":\"SearchAction\",\"target\":{\"@type\":\"EntryPoint\",\"urlTemplate\":\"https:\/\/purpuratatuajes.com\/?s={search_term_string}\"},\"query-input\":{\"@type\":\"PropertyValueSpecification\",\"valueRequired\":true,\"valueName\":\"search_term_string\"}}],\"inLanguage\":\"en-US\"},{\"@type\":\"Organization\",\"@id\":\"https:\/\/purpuratatuajes.com\/#organization\",\"name\":\"Purpura Tatuajes\",\"url\":\"https:\/\/purpuratatuajes.com\/\",\"logo\":{\"@type\":\"ImageObject\",\"inLanguage\":\"en-US\",\"@id\":\"https:\/\/purpuratatuajes.com\/#\/schema\/logo\/image\/\",\"url\":\"https:\/\/purpuratatuajes.com\/wp-content\/uploads\/2022\/08\/Tatuajes-en-Puerto-Vallarta-Pu\u0301rpura-Tatuajes-Estudio-de-tatuajes-2.webp\",\"contentUrl\":\"https:\/\/purpuratatuajes.com\/wp-content\/uploads\/2022\/08\/Tatuajes-en-Puerto-Vallarta-Pu\u0301rpura-Tatuajes-Estudio-de-tatuajes-2.webp\",\"width\":1080,\"height\":1080,\"caption\":\"Purpura Tatuajes\"},\"image\":{\"@id\":\"https:\/\/purpuratatuajes.com\/#\/schema\/logo\/image\/\"}}]}<\/script>\n<!-- \/ Yoast SEO plugin. -->","yoast_head_json":{"title":"Buitr\u00f3n - Tattoo Shop in Puerto Vallarta downtown","description":"Tattoo studio in downtown Puerto Vallarta. Professional tattoo artists with different styles and approaches. If you are considering where to get a tattoo come to Purpura Tattoos","robots":{"index":"index","follow":"follow","max-snippet":"max-snippet:-1","max-image-preview":"max-image-preview:large","max-video-preview":"max-video-preview:-1"},"canonical":"https:\/\/purpuratatuajes.com\/en\/artists\/buitron\/","og_locale":"en_US","og_type":"article","og_title":"Buitr\u00f3n - Tattoo Shop in Puerto Vallarta downtown","og_description":"Tattoo studio in downtown Puerto Vallarta. Professional tattoo artists with different styles and approaches. If you are considering where to get a tattoo come to Purpura Tattoos","og_url":"https:\/\/purpuratatuajes.com\/en\/artists\/buitron\/","og_site_name":"Purpura Tatuajes","article_modified_time":"2024-10-22T16:36:29+00:00","og_image":[{"width":1400,"height":1400,"url":"https:\/\/purpuratatuajes.com\/wp-content\/uploads\/2022\/11\/buitron.webp","type":"image\/webp"}],"twitter_card":"summary_large_image","twitter_misc":{"Est. reading time":"1 minute"},"schema":{"@context":"https:\/\/schema.org","@graph":[{"@type":"WebPage","@id":"https:\/\/purpuratatuajes.com\/en\/artists\/buitron\/","url":"https:\/\/purpuratatuajes.com\/en\/artists\/buitron\/","name":"Buitr\u00f3n - Tattoo Shop in Puerto Vallarta downtown","isPartOf":{"@id":"https:\/\/purpuratatuajes.com\/#website"},"primaryImageOfPage":{"@id":"https:\/\/purpuratatuajes.com\/en\/artists\/buitron\/#primaryimage"},"image":{"@id":"https:\/\/purpuratatuajes.com\/en\/artists\/buitron\/#primaryimage"},"thumbnailUrl":"https:\/\/purpuratatuajes.com\/wp-content\/uploads\/2022\/11\/buitron.webp","datePublished":"2022-11-30T23:03:46+00:00","dateModified":"2024-10-22T16:36:29+00:00","description":"Tattoo studio in downtown Puerto Vallarta. Professional tattoo artists with different styles and approaches. If you are considering where to get a tattoo come to Purpura Tattoos","breadcrumb":{"@id":"https:\/\/purpuratatuajes.com\/en\/artists\/buitron\/#breadcrumb"},"inLanguage":"en-US","potentialAction":[{"@type":"ReadAction","target":["https:\/\/purpuratatuajes.com\/en\/artists\/buitron\/"]}]},{"@type":"ImageObject","inLanguage":"en-US","@id":"https:\/\/purpuratatuajes.com\/en\/artists\/buitron\/#primaryimage","url":"https:\/\/purpuratatuajes.com\/wp-content\/uploads\/2022\/11\/buitron.webp","contentUrl":"https:\/\/purpuratatuajes.com\/wp-content\/uploads\/2022\/11\/buitron.webp","width":1400,"height":1400},{"@type":"BreadcrumbList","@id":"https:\/\/purpuratatuajes.com\/en\/artists\/buitron\/#breadcrumb","itemListElement":[{"@type":"ListItem","position":1,"name":"Portada","item":"https:\/\/purpuratatuajes.com\/en\/"},{"@type":"ListItem","position":2,"name":"Artists","item":"https:\/\/purpuratatuajes.com\/en\/artists\/"},{"@type":"ListItem","position":3,"name":"Buitr\u00f3n"}]},{"@type":"WebSite","@id":"https:\/\/purpuratatuajes.com\/#website","url":"https:\/\/purpuratatuajes.com\/","name":"Purpura Tatuajes","description":"Tattoo Shop in Puerto Vallarta","publisher":{"@id":"https:\/\/purpuratatuajes.com\/#organization"},"potentialAction":[{"@type":"SearchAction","target":{"@type":"EntryPoint","urlTemplate":"https:\/\/purpuratatuajes.com\/?s={search_term_string}"},"query-input":{"@type":"PropertyValueSpecification","valueRequired":true,"valueName":"search_term_string"}}],"inLanguage":"en-US"},{"@type":"Organization","@id":"https:\/\/purpuratatuajes.com\/#organization","name":"Purpura Tatuajes","url":"https:\/\/purpuratatuajes.com\/","logo":{"@type":"ImageObject","inLanguage":"en-US","@id":"https:\/\/purpuratatuajes.com\/#\/schema\/logo\/image\/","url":"https:\/\/purpuratatuajes.com\/wp-content\/uploads\/2022\/08\/Tatuajes-en-Puerto-Vallarta-Pu\u0301rpura-Tatuajes-Estudio-de-tatuajes-2.webp","contentUrl":"https:\/\/purpuratatuajes.com\/wp-content\/uploads\/2022\/08\/Tatuajes-en-Puerto-Vallarta-Pu\u0301rpura-Tatuajes-Estudio-de-tatuajes-2.webp","width":1080,"height":1080,"caption":"Purpura Tatuajes"},"image":{"@id":"https:\/\/purpuratatuajes.com\/#\/schema\/logo\/image\/"}}]}},"_links":{"self":[{"href":"https:\/\/purpuratatuajes.com\/en\/wp-json\/wp\/v2\/pages\/1668","targetHints":{"allow":["GET"]}}],"collection":[{"href":"https:\/\/purpuratatuajes.com\/en\/wp-json\/wp\/v2\/pages"}],"about":[{"href":"https:\/\/purpuratatuajes.com\/en\/wp-json\/wp\/v2\/types\/page"}],"author":[{"embeddable":true,"href":"https:\/\/purpuratatuajes.com\/en\/wp-json\/wp\/v2\/users\/3"}],"replies":[{"embeddable":true,"href":"https:\/\/purpuratatuajes.com\/en\/wp-json\/wp\/v2\/comments?post=1668"}],"version-history":[{"count":4,"href":"https:\/\/purpuratatuajes.com\/en\/wp-json\/wp\/v2\/pages\/1668\/revisions"}],"predecessor-version":[{"id":2669,"href":"https:\/\/purpuratatuajes.com\/en\/wp-json\/wp\/v2\/pages\/1668\/revisions\/2669"}],"up":[{"embeddable":true,"href":"https:\/\/purpuratatuajes.com\/en\/wp-json\/wp\/v2\/pages\/1573"}],"wp:featuredmedia":[{"embeddable":true,"href":"https:\/\/purpuratatuajes.com\/en\/wp-json\/wp\/v2\/media\/1214"}],"wp:attachment":[{"href":"https:\/\/purpuratatuajes.com\/en\/wp-json\/wp\/v2\/media?parent=1668"}],"curies":[{"name":"wp","href":"https:\/\/api.w.org\/{rel}","templated":true}]}}